{"id":2488,"date":"2018-07-18T13:22:23","date_gmt":"2018-07-18T13:22:23","guid":{"rendered":"https:\/\/harveyarasan.com\/about\/"},"modified":"2024-11-03T16:13:48","modified_gmt":"2024-11-03T13:13:48","slug":"deniz-eray-harvey","status":"publish","type":"page","link":"https:\/\/harveyarasan.com\/fr\/deniz-eray-harvey\/","title":{"rendered":"Deniz Eray Harvey"},"content":{"rendered":"\r\n<p><!--more--><\/p>\r\n<!--noteaser-->\r\n\r\n\r\n<div class=\"wp-block-genesis-blocks-gb-columns gb-layout-service-4 gb-layout-columns-2 gb-2-col-equal gb-columns-center alignfull\">\r\n<div class=\"gb-layout-column-wrap gb-block-layout-column-gap-0 gb-is-responsive-column\" style=\"max-width: 1200px;\">\r\n<div class=\"wp-block-genesis-blocks-gb-column gb-block-layout-column\">\r\n<div class=\"gb-block-layout-column-inner\">\r\n<p>Deniz Eray Harvey est avocate au barreau d\u2019Istanbul depuis 2008. Elle est titulaire d\u2019une Maitrise en Droit des Affaires et Droit International de l\u2019Universit\u00e9 Paris I- Panth\u00e9on Sorbonne et d\u2019un L.L.M. en droit bancaire et financier de Queen Mary, University of London.\u00a0<\/p>\r\n\r\n\r\n\r\n<p>Deniz a exerc\u00e9\u00a0pendant dix ans\u00a0au sein d\u2019un\u00a0cabinet renomm\u00e9 \u00e0\u00a0Istanbul. Elle a notamment exerc\u00e9\u00a0en tant qu\u2019avocat au sein de cabinet Linklaters LLP\u00a0\u00e0\u00a0Londres.\u00a0<\/p>\r\n\r\n\r\n\r\n<p>Elle est\u00a0dot\u00e9e d\u2019une solide exp\u00e9rience en mati\u00e8res de fusions-acquisitions, de droits des soci\u00e9t\u00e9s et droit des contrats.\u00a0Elle\u00a0r\u00e9dige et assiste \u00e0 la n\u00e9gociation de tous types de contrats commerciaux.<\/p>\r\n\r\n\r\n\r\n<p>Deniz a fond\u00e9\u00a0le cabinet ERAY HARVEY en 2015. En 2022, Deniz et Eren ont fond\u00e9 le cabinet HARVEY &amp; ARASAN.<\/p>\r\n\r\n\r\n\r\n<p>Elle est membre de CCI France Turquie.<\/p>\r\n\r\n\r\n\r\n<p>Elle est traductrice asserment\u00e9e en langue fran\u00e7aise et en anglaise.<\/p>\r\n\r\n\r\n\r\n<p><em>Queen Mary, University of London, LLM: Banking and Finance Law, London, 2011<\/em><\/p>\r\n<em>\r\n\r\n<\/em>\r\n<p><em>Universit\u00e9 Paris I, Panth\u00e9on-Sorbonne (Ma\u00eetrise en Droit des Affaires et Droit International), Paris, 2005<\/em><\/p>\r\n<em>\r\n\r\n<\/em>\r\n<p><em>Universit\u00e9 de Paris I, Panth\u00e9on-Sorbonne, (Licence Droit International), Paris, 2004<\/em><\/p>\r\n<em>\r\n\r\n<\/em>\r\n<p><em>Universit\u00e9 Paris I, Panth\u00e9on-Sorbonne (DEUG), Paris, 2003<\/em><\/p>\r\n<em>\r\n\r\n<\/em>\r\n<p><em>Lyc\u00e9e de Galatasaray, Istanbul, 2001<\/em><\/p>\r\n<\/div>\r\n<\/div>\r\n\r\n\r\n\r\n<div class=\"wp-block-genesis-blocks-gb-column gb-block-layout-column\">\r\n<div class=\"gb-block-layout-column-inner\">\r\n<div class=\"wp-block-image\">\r\n<figure class=\"aligncenter size-full\"><img loading=\"lazy\" decoding=\"async\" width=\"800\" height=\"529\" class=\"wp-image-3222\" src=\"http:\/\/harveyarasan.com\/wp-content\/uploads\/2022\/05\/Eray-Hukuk-Home-1.jpg\" alt=\"\" srcset=\"https:\/\/harveyarasan.com\/wp-content\/uploads\/2022\/05\/Eray-Hukuk-Home-1.jpg 800w, https:\/\/harveyarasan.com\/wp-content\/uploads\/2022\/05\/Eray-Hukuk-Home-1-300x198.jpg 300w, https:\/\/harveyarasan.com\/wp-content\/uploads\/2022\/05\/Eray-Hukuk-Home-1-768x508.jpg 768w, https:\/\/harveyarasan.com\/wp-content\/uploads\/2022\/05\/Eray-Hukuk-Home-1-590x390.jpg 590w\" sizes=\"auto, (max-width: 800px) 100vw, 800px\" \/><\/figure>\r\n<\/div>\r\n\r\n\r\n\r\n<ul class=\"wp-block-social-links aligncenter has-large-icon-size has-icon-color items-justified-center is-style-logos-only is-layout-flex wp-block-social-links-is-layout-flex\"><li style=\"color:#00555c;\" class=\"wp-social-link wp-social-link-linkedin has-primary-color wp-block-social-link\"><a rel=\"noopener nofollow\" target=\"_blank\" href=\"https:\/\/www.linkedin.com\/in\/denizeray\/\" class=\"wp-block-social-link-anchor\"><svg width=\"24\" height=\"24\" viewBox=\"0 0 24 24\" version=\"1.1\" xmlns=\"http:\/\/www.w3.org\/2000\/svg\" aria-hidden=\"true\" focusable=\"false\"><path d=\"M19.7,3H4.3C3.582,3,3,3.582,3,4.3v15.4C3,20.418,3.582,21,4.3,21h15.4c0.718,0,1.3-0.582,1.3-1.3V4.3 C21,3.582,20.418,3,19.7,3z M8.339,18.338H5.667v-8.59h2.672V18.338z M7.004,8.574c-0.857,0-1.549-0.694-1.549-1.548 c0-0.855,0.691-1.548,1.549-1.548c0.854,0,1.547,0.694,1.547,1.548C8.551,7.881,7.858,8.574,7.004,8.574z M18.339,18.338h-2.669 v-4.177c0-0.996-0.017-2.278-1.387-2.278c-1.389,0-1.601,1.086-1.601,2.206v4.249h-2.667v-8.59h2.559v1.174h0.037 c0.356-0.675,1.227-1.387,2.526-1.387c2.703,0,3.203,1.779,3.203,4.092V18.338z\"><\/path><\/svg><span class=\"wp-block-social-link-label screen-reader-text\">LinkedIn<\/span><\/a><\/li><\/ul>\r\n\r\n\r\n\r\n<p>&nbsp;<\/p>\r\n<\/div>\r\n<\/div>\r\n<\/div>\r\n<\/div>\r\n\r\n\r\n\r\n<div class=\"wp-block-genesis-blocks-gb-columns gb-layout-columns-1 gb-1-col-equal gb-columns-center alignfull\">\r\n<div class=\"gb-layout-column-wrap gb-block-layout-column-gap-6 gb-is-responsive-column\" style=\"max-width: 1200px;\">\r\n<div class=\"wp-block-genesis-blocks-gb-column gb-block-layout-column\">\r\n<div class=\"gb-block-layout-column-inner\" style=\"text-align: left;\">\u00a0<\/div>\r\n<\/div>\r\n<\/div>\r\n<\/div>\r\n","protected":false},"excerpt":{"rendered":"","protected":false},"author":1,"featured_media":3219,"parent":0,"menu_order":0,"comment_status":"closed","ping_status":"closed","template":"","meta":{"_acf_changed":false,"_genesis_hide_title":false,"_genesis_hide_breadcrumbs":false,"_genesis_hide_singular_image":false,"_genesis_hide_footer_widgets":false,"_genesis_custom_body_class":"hideImg","_genesis_custom_post_class":"","_genesis_layout":"","footnotes":""},"class_list":{"0":"post-2488","1":"page","2":"type-page","3":"status-publish","4":"has-post-thumbnail","6":"entry"},"acf":[],"yoast_head":"<!-- This site is optimized with the Yoast SEO Premium plugin v23.8 (Yoast SEO v23.8) - https:\/\/yoast.com\/wordpress\/plugins\/seo\/ -->\n<title>Deniz Eray Harvey -<\/title>\n<meta name=\"robots\" content=\"index, follow, max-snippet:-1, max-image-preview:large, max-video-preview:-1\" \/>\n<link rel=\"canonical\" href=\"https:\/\/harveyarasan.com\/fr\/deniz-eray-harvey\/\" \/>\n<meta property=\"og:locale\" content=\"fr_FR\" \/>\n<meta property=\"og:type\" content=\"article\" \/>\n<meta property=\"og:title\" content=\"Deniz Eray Harvey\" \/>\n<meta property=\"og:url\" content=\"https:\/\/harveyarasan.com\/fr\/deniz-eray-harvey\/\" \/>\n<meta property=\"article:modified_time\" content=\"2024-11-03T13:13:48+00:00\" \/>\n<meta property=\"og:image\" content=\"http:\/\/harveyarasan.com\/wp-content\/uploads\/2022\/05\/Eray-Hukuk-Home.jpg\" \/>\n\t<meta property=\"og:image:width\" content=\"800\" \/>\n\t<meta property=\"og:image:height\" content=\"529\" \/>\n\t<meta property=\"og:image:type\" content=\"image\/jpeg\" \/>\n<meta name=\"twitter:card\" content=\"summary_large_image\" \/>\n<meta name=\"twitter:label1\" content=\"Dur\u00e9e de lecture estim\u00e9e\" \/>\n\t<meta name=\"twitter:data1\" content=\"2 minutes\" \/>\n<script type=\"application\/ld+json\" class=\"yoast-schema-graph\">{\"@context\":\"https:\/\/schema.org\",\"@graph\":[{\"@type\":\"WebPage\",\"@id\":\"https:\/\/harveyarasan.com\/fr\/deniz-eray-harvey\/\",\"url\":\"https:\/\/harveyarasan.com\/fr\/deniz-eray-harvey\/\",\"name\":\"Deniz Eray Harvey -\",\"isPartOf\":{\"@id\":\"https:\/\/harveyarasan.com\/fr\/#website\"},\"primaryImageOfPage\":{\"@id\":\"https:\/\/harveyarasan.com\/fr\/deniz-eray-harvey\/#primaryimage\"},\"image\":{\"@id\":\"https:\/\/harveyarasan.com\/fr\/deniz-eray-harvey\/#primaryimage\"},\"thumbnailUrl\":\"https:\/\/harveyarasan.com\/wp-content\/uploads\/2022\/05\/Eray-Hukuk-Home.jpg\",\"datePublished\":\"2018-07-18T13:22:23+00:00\",\"dateModified\":\"2024-11-03T13:13:48+00:00\",\"breadcrumb\":{\"@id\":\"https:\/\/harveyarasan.com\/fr\/deniz-eray-harvey\/#breadcrumb\"},\"inLanguage\":\"fr-FR\",\"potentialAction\":[{\"@type\":\"ReadAction\",\"target\":[\"https:\/\/harveyarasan.com\/fr\/deniz-eray-harvey\/\"]}]},{\"@type\":\"ImageObject\",\"inLanguage\":\"fr-FR\",\"@id\":\"https:\/\/harveyarasan.com\/fr\/deniz-eray-harvey\/#primaryimage\",\"url\":\"https:\/\/harveyarasan.com\/wp-content\/uploads\/2022\/05\/Eray-Hukuk-Home.jpg\",\"contentUrl\":\"https:\/\/harveyarasan.com\/wp-content\/uploads\/2022\/05\/Eray-Hukuk-Home.jpg\",\"width\":800,\"height\":529},{\"@type\":\"BreadcrumbList\",\"@id\":\"https:\/\/harveyarasan.com\/fr\/deniz-eray-harvey\/#breadcrumb\",\"itemListElement\":[{\"@type\":\"ListItem\",\"position\":1,\"name\":\"Ana sayfa\",\"item\":\"https:\/\/harveyarasan.com\/fr\/\"},{\"@type\":\"ListItem\",\"position\":2,\"name\":\"Deniz Eray Harvey\"}]},{\"@type\":\"WebSite\",\"@id\":\"https:\/\/harveyarasan.com\/fr\/#website\",\"url\":\"https:\/\/harveyarasan.com\/fr\/\",\"name\":\"\",\"description\":\"\",\"potentialAction\":[{\"@type\":\"SearchAction\",\"target\":{\"@type\":\"EntryPoint\",\"urlTemplate\":\"https:\/\/harveyarasan.com\/fr\/?s={search_term_string}\"},\"query-input\":{\"@type\":\"PropertyValueSpecification\",\"valueRequired\":true,\"valueName\":\"search_term_string\"}}],\"inLanguage\":\"fr-FR\"}]}<\/script>\n<!-- \/ Yoast SEO Premium plugin. -->","yoast_head_json":{"title":"Deniz Eray Harvey -","robots":{"index":"index","follow":"follow","max-snippet":"max-snippet:-1","max-image-preview":"max-image-preview:large","max-video-preview":"max-video-preview:-1"},"canonical":"https:\/\/harveyarasan.com\/fr\/deniz-eray-harvey\/","og_locale":"fr_FR","og_type":"article","og_title":"Deniz Eray Harvey","og_url":"https:\/\/harveyarasan.com\/fr\/deniz-eray-harvey\/","article_modified_time":"2024-11-03T13:13:48+00:00","og_image":[{"width":800,"height":529,"url":"http:\/\/harveyarasan.com\/wp-content\/uploads\/2022\/05\/Eray-Hukuk-Home.jpg","type":"image\/jpeg"}],"twitter_card":"summary_large_image","twitter_misc":{"Dur\u00e9e de lecture estim\u00e9e":"2 minutes"},"schema":{"@context":"https:\/\/schema.org","@graph":[{"@type":"WebPage","@id":"https:\/\/harveyarasan.com\/fr\/deniz-eray-harvey\/","url":"https:\/\/harveyarasan.com\/fr\/deniz-eray-harvey\/","name":"Deniz Eray Harvey -","isPartOf":{"@id":"https:\/\/harveyarasan.com\/fr\/#website"},"primaryImageOfPage":{"@id":"https:\/\/harveyarasan.com\/fr\/deniz-eray-harvey\/#primaryimage"},"image":{"@id":"https:\/\/harveyarasan.com\/fr\/deniz-eray-harvey\/#primaryimage"},"thumbnailUrl":"https:\/\/harveyarasan.com\/wp-content\/uploads\/2022\/05\/Eray-Hukuk-Home.jpg","datePublished":"2018-07-18T13:22:23+00:00","dateModified":"2024-11-03T13:13:48+00:00","breadcrumb":{"@id":"https:\/\/harveyarasan.com\/fr\/deniz-eray-harvey\/#breadcrumb"},"inLanguage":"fr-FR","potentialAction":[{"@type":"ReadAction","target":["https:\/\/harveyarasan.com\/fr\/deniz-eray-harvey\/"]}]},{"@type":"ImageObject","inLanguage":"fr-FR","@id":"https:\/\/harveyarasan.com\/fr\/deniz-eray-harvey\/#primaryimage","url":"https:\/\/harveyarasan.com\/wp-content\/uploads\/2022\/05\/Eray-Hukuk-Home.jpg","contentUrl":"https:\/\/harveyarasan.com\/wp-content\/uploads\/2022\/05\/Eray-Hukuk-Home.jpg","width":800,"height":529},{"@type":"BreadcrumbList","@id":"https:\/\/harveyarasan.com\/fr\/deniz-eray-harvey\/#breadcrumb","itemListElement":[{"@type":"ListItem","position":1,"name":"Ana sayfa","item":"https:\/\/harveyarasan.com\/fr\/"},{"@type":"ListItem","position":2,"name":"Deniz Eray Harvey"}]},{"@type":"WebSite","@id":"https:\/\/harveyarasan.com\/fr\/#website","url":"https:\/\/harveyarasan.com\/fr\/","name":"","description":"","potentialAction":[{"@type":"SearchAction","target":{"@type":"EntryPoint","urlTemplate":"https:\/\/harveyarasan.com\/fr\/?s={search_term_string}"},"query-input":{"@type":"PropertyValueSpecification","valueRequired":true,"valueName":"search_term_string"}}],"inLanguage":"fr-FR"}]}},"featured_image_src":"https:\/\/harveyarasan.com\/wp-content\/uploads\/2022\/05\/Eray-Hukuk-Home-600x400.jpg","featured_image_src_square":"https:\/\/harveyarasan.com\/wp-content\/uploads\/2022\/05\/Eray-Hukuk-Home-600x529.jpg","_links":{"self":[{"href":"https:\/\/harveyarasan.com\/fr\/wp-json\/wp\/v2\/pages\/2488","targetHints":{"allow":["GET"]}}],"collection":[{"href":"https:\/\/harveyarasan.com\/fr\/wp-json\/wp\/v2\/pages"}],"about":[{"href":"https:\/\/harveyarasan.com\/fr\/wp-json\/wp\/v2\/types\/page"}],"author":[{"embeddable":true,"href":"https:\/\/harveyarasan.com\/fr\/wp-json\/wp\/v2\/users\/1"}],"replies":[{"embeddable":true,"href":"https:\/\/harveyarasan.com\/fr\/wp-json\/wp\/v2\/comments?post=2488"}],"version-history":[{"count":11,"href":"https:\/\/harveyarasan.com\/fr\/wp-json\/wp\/v2\/pages\/2488\/revisions"}],"predecessor-version":[{"id":4090,"href":"https:\/\/harveyarasan.com\/fr\/wp-json\/wp\/v2\/pages\/2488\/revisions\/4090"}],"wp:featuredmedia":[{"embeddable":true,"href":"https:\/\/harveyarasan.com\/fr\/wp-json\/wp\/v2\/media\/3219"}],"wp:attachment":[{"href":"https:\/\/harveyarasan.com\/fr\/wp-json\/wp\/v2\/media?parent=2488"}],"curies":[{"name":"wp","href":"https:\/\/api.w.org\/{rel}","templated":true}]}}