{"id":2637,"date":"2020-03-24T16:10:26","date_gmt":"2020-03-24T13:10:26","guid":{"rendered":"https:\/\/harveyarasan.com\/haberler-bilgi-notlari\/"},"modified":"2021-10-18T16:11:56","modified_gmt":"2021-10-18T13:11:56","slug":"actualites-publications","status":"publish","type":"page","link":"https:\/\/harveyarasan.com\/fr\/actualites-publications\/","title":{"rendered":"Actualit\u00e9s &#038; Publications"},"content":{"rendered":"<section class=\"gb-block-post-grid featuredpost alignwide\"><div class=\"gb-post-grid-items is-grid columns-3\"><article id=\"post-3827\" class=\"gb-post-grid-item post-3827 post type-post status-publish format-standard has-post-thumbnail category-corporate category-simplanter-en-turquie entry\"><div class=\"gb-block-post-grid-image\"><a href=\"https:\/\/harveyarasan.com\/fr\/regles-regissant-le-transfert-des-salaries-dans-le-cadre-dune-cession-dactions-ou-dactifs-en-turquie\/\" rel=\"bookmark\" aria-hidden=\"true\" tabindex=\"-1\"><img loading=\"lazy\" decoding=\"async\" width=\"1668\" height=\"917\" src=\"https:\/\/harveyarasan.com\/wp-content\/uploads\/2023\/10\/HA_MNDQ02_AssetsDealTR.jpg\" class=\"attachment-full size-full\" alt=\"\" srcset=\"https:\/\/harveyarasan.com\/wp-content\/uploads\/2023\/10\/HA_MNDQ02_AssetsDealTR.jpg 1668w, https:\/\/harveyarasan.com\/wp-content\/uploads\/2023\/10\/HA_MNDQ02_AssetsDealTR-300x165.jpg 300w, https:\/\/harveyarasan.com\/wp-content\/uploads\/2023\/10\/HA_MNDQ02_AssetsDealTR-1024x563.jpg 1024w, https:\/\/harveyarasan.com\/wp-content\/uploads\/2023\/10\/HA_MNDQ02_AssetsDealTR-768x422.jpg 768w, https:\/\/harveyarasan.com\/wp-content\/uploads\/2023\/10\/HA_MNDQ02_AssetsDealTR-1536x844.jpg 1536w, https:\/\/harveyarasan.com\/wp-content\/uploads\/2023\/10\/HA_MNDQ02_AssetsDealTR-800x440.jpg 800w\" sizes=\"auto, (max-width: 1668px) 100vw, 1668px\" \/><\/a><\/div><div class=\"gb-block-post-grid-text\"><header class=\"gb-block-post-grid-header\"><h3 class=\"gb-block-post-grid-title\"><a href=\"https:\/\/harveyarasan.com\/fr\/regles-regissant-le-transfert-des-salaries-dans-le-cadre-dune-cession-dactions-ou-dactifs-en-turquie\/\" rel=\"bookmark\">R\u00e8gles r\u00e9gissant le transfert des salari\u00e9s\u00a0dans le cadre d&rsquo;une cession d&rsquo;actions ou d&rsquo;actifs en Turquie<\/a><\/h3><div class=\"gb-block-post-grid-byline\"><div class=\"gb-block-post-grid-author\" itemprop=\"author\" itemtype=\"https:\/\/schema.org\/Person\"><a class=\"gb-text-link\" href=\"https:\/\/harveyarasan.com\/fr\/author\/denizpanel\/\" itemprop=\"url\" rel=\"author\"><span itemprop=\"name\">Deniz Eray Harvey<\/span><\/a><\/div><time datetime=\"2023-12-08T16:47:06+03:00\" class=\"gb-block-post-grid-date\" itemprop=\"datePublished\">8 d\u00e9cembre 2023<\/time><\/div><\/header><div class=\"gb-block-post-grid-excerpt\"><p>Qu&rsquo;advient-il des salari\u00e9s lorsqu&rsquo;une entreprise est vendue? Les salari\u00e9s sont-ils automatiquement transf\u00e9r\u00e9s au nouveau propri\u00e9taire ou sont-ils licenci\u00e9s ? Les m\u00eames r\u00e8gles s&rsquo;appliquent-elles dans le cas d&rsquo;une cession d&rsquo;actions et d&rsquo;actifs ?&nbsp; Il s\u2019agit des questions l\u00e9gitimes et pr\u00e9visibles que les acheteurs et les vendeurs potentiels peuvent se poser. Dans cet article, nous tenterons de\u2026<\/p>\n<p><a class=\"gb-block-post-grid-more-link gb-text-link\" href=\"https:\/\/harveyarasan.com\/fr\/regles-regissant-le-transfert-des-salaries-dans-le-cadre-dune-cession-dactions-ou-dactifs-en-turquie\/\" rel=\"bookmark\">Lire la suite <span class=\"screen-reader-text\">R\u00e8gles r\u00e9gissant le transfert des salari\u00e9s\u00a0dans le cadre d&rsquo;une cession d&rsquo;actions ou d&rsquo;actifs en Turquie<\/span><\/a><\/p><\/div><\/div><\/article>\n<article id=\"post-3825\" class=\"gb-post-grid-item post-3825 post type-post status-publish format-standard has-post-thumbnail category-corporate category-simplanter-en-turquie entry\"><div class=\"gb-block-post-grid-image\"><a href=\"https:\/\/harveyarasan.com\/fr\/conseil-dadministration-et-controle-de-la-societe-en-droit-turc\/\" rel=\"bookmark\" aria-hidden=\"true\" tabindex=\"-1\"><img loading=\"lazy\" decoding=\"async\" width=\"1668\" height=\"918\" src=\"https:\/\/harveyarasan.com\/wp-content\/uploads\/2016\/02\/HA_YonetimKurulu.jpg\" class=\"attachment-full size-full\" alt=\"\" srcset=\"https:\/\/harveyarasan.com\/wp-content\/uploads\/2016\/02\/HA_YonetimKurulu.jpg 1668w, https:\/\/harveyarasan.com\/wp-content\/uploads\/2016\/02\/HA_YonetimKurulu-300x165.jpg 300w, https:\/\/harveyarasan.com\/wp-content\/uploads\/2016\/02\/HA_YonetimKurulu-1024x564.jpg 1024w, https:\/\/harveyarasan.com\/wp-content\/uploads\/2016\/02\/HA_YonetimKurulu-768x423.jpg 768w, https:\/\/harveyarasan.com\/wp-content\/uploads\/2016\/02\/HA_YonetimKurulu-1536x845.jpg 1536w, https:\/\/harveyarasan.com\/wp-content\/uploads\/2016\/02\/HA_YonetimKurulu-800x440.jpg 800w\" sizes=\"auto, (max-width: 1668px) 100vw, 1668px\" \/><\/a><\/div><div class=\"gb-block-post-grid-text\"><header class=\"gb-block-post-grid-header\"><h3 class=\"gb-block-post-grid-title\"><a href=\"https:\/\/harveyarasan.com\/fr\/conseil-dadministration-et-controle-de-la-societe-en-droit-turc\/\" rel=\"bookmark\">Conseil d&rsquo;administration et contr\u00f4le de la soci\u00e9t\u00e9 en droit turc<\/a><\/h3><div class=\"gb-block-post-grid-byline\"><div class=\"gb-block-post-grid-author\" itemprop=\"author\" itemtype=\"https:\/\/schema.org\/Person\"><a class=\"gb-text-link\" href=\"https:\/\/harveyarasan.com\/fr\/author\/denizpanel\/\" itemprop=\"url\" rel=\"author\"><span itemprop=\"name\">Deniz Eray Harvey<\/span><\/a><\/div><time datetime=\"2023-12-08T16:34:26+03:00\" class=\"gb-block-post-grid-date\" itemprop=\"datePublished\">8 d\u00e9cembre 2023<\/time><\/div><\/header><div class=\"gb-block-post-grid-excerpt\"><p>Les soci\u00e9t\u00e9s anonymes sont g\u00e9r\u00e9es et repr\u00e9sent\u00e9es par le conseil d&rsquo;administration. Par cons\u00e9quent, le nombre de membres du conseil d&rsquo;administration et la personne qui les d\u00e9signe sont d&rsquo;une grande importance pour d\u00e9terminer qui contr\u00f4le vraiment la soci\u00e9t\u00e9. Composition du conseil d&rsquo;administration Le conseil d&rsquo;administration peut \u00eatre compos\u00e9 d&rsquo;une ou de plusieurs personnes. Un membre du\u2026<\/p>\n<p><a class=\"gb-block-post-grid-more-link gb-text-link\" href=\"https:\/\/harveyarasan.com\/fr\/conseil-dadministration-et-controle-de-la-societe-en-droit-turc\/\" rel=\"bookmark\">Lire la suite <span class=\"screen-reader-text\">Conseil d&rsquo;administration et contr\u00f4le de la soci\u00e9t\u00e9 en droit turc<\/span><\/a><\/p><\/div><\/div><\/article>\n<article id=\"post-3798\" class=\"gb-post-grid-item post-3798 post type-post status-publish format-standard has-post-thumbnail category-corporate category-non-classifiee entry\"><div class=\"gb-block-post-grid-image\"><a href=\"https:\/\/harveyarasan.com\/fr\/facteurs-esg-et-impact-de-lesg-sur-les-fusions-et-acquisitions-en-turquie\/\" rel=\"bookmark\" aria-hidden=\"true\" tabindex=\"-1\"><img loading=\"lazy\" decoding=\"async\" width=\"1668\" height=\"917\" src=\"https:\/\/harveyarasan.com\/wp-content\/uploads\/2023\/10\/HA_ESG.jpg\" class=\"attachment-full size-full\" alt=\"\" srcset=\"https:\/\/harveyarasan.com\/wp-content\/uploads\/2023\/10\/HA_ESG.jpg 1668w, https:\/\/harveyarasan.com\/wp-content\/uploads\/2023\/10\/HA_ESG-300x165.jpg 300w, https:\/\/harveyarasan.com\/wp-content\/uploads\/2023\/10\/HA_ESG-1024x563.jpg 1024w, https:\/\/harveyarasan.com\/wp-content\/uploads\/2023\/10\/HA_ESG-768x422.jpg 768w, https:\/\/harveyarasan.com\/wp-content\/uploads\/2023\/10\/HA_ESG-1536x844.jpg 1536w, https:\/\/harveyarasan.com\/wp-content\/uploads\/2023\/10\/HA_ESG-800x440.jpg 800w\" sizes=\"auto, (max-width: 1668px) 100vw, 1668px\" \/><\/a><\/div><div class=\"gb-block-post-grid-text\"><header class=\"gb-block-post-grid-header\"><h3 class=\"gb-block-post-grid-title\"><a href=\"https:\/\/harveyarasan.com\/fr\/facteurs-esg-et-impact-de-lesg-sur-les-fusions-et-acquisitions-en-turquie\/\" rel=\"bookmark\">Facteurs ESG et Impact de l&rsquo;ESG sur les Fusions et Acquisitions en Turquie<\/a><\/h3><div class=\"gb-block-post-grid-byline\"><div class=\"gb-block-post-grid-author\" itemprop=\"author\" itemtype=\"https:\/\/schema.org\/Person\"><a class=\"gb-text-link\" href=\"https:\/\/harveyarasan.com\/fr\/author\/denizpanel\/\" itemprop=\"url\" rel=\"author\"><span itemprop=\"name\">Deniz Eray Harvey<\/span><\/a><\/div><time datetime=\"2023-11-17T15:51:08+03:00\" class=\"gb-block-post-grid-date\" itemprop=\"datePublished\">17 novembre 2023<\/time><\/div><\/header><div class=\"gb-block-post-grid-excerpt\"><p>Le terme ESG, abr\u00e9viation de \u00ab\u00a0environnement\u00a0\u00bb, \u00ab\u00a0social\u00a0\u00bb et \u00ab\u00a0gouvernance\u00a0\u00bb, a \u00e9t\u00e9 introduit pour la premi\u00e8re fois en tant que concept en 2004 dans le rapport des Nations&nbsp;Unies intitul\u00e9 \u00ab\u00a0Who Cares Wins\u00a0\u00bb (rapport WCW). L&rsquo;initiative \u00ab\u00a0Who Cares Wins\u00a0\u00bb a \u00e9t\u00e9 lanc\u00e9e en collaboration avec les Nations&nbsp;Unies et le gouvernement&nbsp;suisse, avec le soutien de 23 institutions financi\u00e8res.\u2026<\/p>\n<p><a class=\"gb-block-post-grid-more-link gb-text-link\" href=\"https:\/\/harveyarasan.com\/fr\/facteurs-esg-et-impact-de-lesg-sur-les-fusions-et-acquisitions-en-turquie\/\" rel=\"bookmark\">Lire la suite <span class=\"screen-reader-text\">Facteurs ESG et Impact de l&rsquo;ESG sur les Fusions et Acquisitions en Turquie<\/span><\/a><\/p><\/div><\/div><\/article>\n<article id=\"post-3154\" class=\"gb-post-grid-item post-3154 post type-post status-publish format-standard has-post-thumbnail category-simplanter-en-turquie tag-simplanter-en-turquie entry\"><div class=\"gb-block-post-grid-image\"><a href=\"https:\/\/harveyarasan.com\/fr\/simplanter-en-turquie-la-constitution-dune-societe-anonyme\/\" rel=\"bookmark\" aria-hidden=\"true\" tabindex=\"-1\"><img loading=\"lazy\" decoding=\"async\" width=\"1668\" height=\"917\" src=\"https:\/\/harveyarasan.com\/wp-content\/uploads\/2021\/10\/HA_SocieteAnonymeenTurquie.jpg\" class=\"attachment-full size-full\" alt=\"\" srcset=\"https:\/\/harveyarasan.com\/wp-content\/uploads\/2021\/10\/HA_SocieteAnonymeenTurquie.jpg 1668w, https:\/\/harveyarasan.com\/wp-content\/uploads\/2021\/10\/HA_SocieteAnonymeenTurquie-300x165.jpg 300w, https:\/\/harveyarasan.com\/wp-content\/uploads\/2021\/10\/HA_SocieteAnonymeenTurquie-1024x563.jpg 1024w, https:\/\/harveyarasan.com\/wp-content\/uploads\/2021\/10\/HA_SocieteAnonymeenTurquie-768x422.jpg 768w, https:\/\/harveyarasan.com\/wp-content\/uploads\/2021\/10\/HA_SocieteAnonymeenTurquie-1536x844.jpg 1536w, https:\/\/harveyarasan.com\/wp-content\/uploads\/2021\/10\/HA_SocieteAnonymeenTurquie-800x440.jpg 800w\" sizes=\"auto, (max-width: 1668px) 100vw, 1668px\" \/><\/a><\/div><div class=\"gb-block-post-grid-text\"><header class=\"gb-block-post-grid-header\"><h3 class=\"gb-block-post-grid-title\"><a href=\"https:\/\/harveyarasan.com\/fr\/simplanter-en-turquie-la-constitution-dune-societe-anonyme\/\" rel=\"bookmark\">La Constitution d\u2019une Soci\u00e9t\u00e9 Anonyme en Turquie<\/a><\/h3><div class=\"gb-block-post-grid-byline\"><div class=\"gb-block-post-grid-author\" itemprop=\"author\" itemtype=\"https:\/\/schema.org\/Person\"><a class=\"gb-text-link\" href=\"https:\/\/harveyarasan.com\/fr\/author\/denizpanel\/\" itemprop=\"url\" rel=\"author\"><span itemprop=\"name\">Deniz Eray Harvey<\/span><\/a><\/div><time datetime=\"2021-10-21T16:43:30+03:00\" class=\"gb-block-post-grid-date\" itemprop=\"datePublished\">21 octobre 2021<\/time><\/div><\/header><div class=\"gb-block-post-grid-excerpt\"><p>Si vous voulez vous implanter en Turquie, vous pouvez constituer une soci\u00e9t\u00e9 de capitaux conform\u00e9ment au code de commerce turc.&nbsp; Il n\u2019y a pas de limite g\u00e9n\u00e9rale au contr\u00f4le \u00e9trangers des soci\u00e9t\u00e9s ou n\u00e9cessit\u00e9 d\u2019obtenir une permission, sauf dans quelques secteurs r\u00e9glement\u00e9s comme la t\u00e9l\u00e9communication, les services bancaires etc. Cependant une notification \u00e0 la Direction\u2026<\/p>\n<p><a class=\"gb-block-post-grid-more-link gb-text-link\" href=\"https:\/\/harveyarasan.com\/fr\/simplanter-en-turquie-la-constitution-dune-societe-anonyme\/\" rel=\"bookmark\">Lire la suite <span class=\"screen-reader-text\">La Constitution d\u2019une Soci\u00e9t\u00e9 Anonyme en Turquie<\/span><\/a><\/p><\/div><\/div><\/article>\n<\/div><\/section>","protected":false},"excerpt":{"rendered":"","protected":false},"author":1,"featured_media":0,"parent":0,"menu_order":0,"comment_status":"closed","ping_status":"closed","template":"","meta":{"_acf_changed":false,"_genesis_hide_title":false,"_genesis_hide_breadcrumbs":false,"_genesis_hide_singular_image":false,"_genesis_hide_footer_widgets":false,"_genesis_custom_body_class":"hideImg","_genesis_custom_post_class":"","_genesis_layout":"","footnotes":""},"class_list":{"0":"post-2637","1":"page","2":"type-page","3":"status-publish","5":"entry"},"acf":[],"yoast_head":"<!-- This site is optimized with the Yoast SEO Premium plugin v23.8 (Yoast SEO v23.8) - https:\/\/yoast.com\/wordpress\/plugins\/seo\/ -->\n<title>Actualit\u00e9s &amp; Publications -<\/title>\n<meta name=\"robots\" content=\"index, follow, max-snippet:-1, max-image-preview:large, max-video-preview:-1\" \/>\n<link rel=\"canonical\" href=\"https:\/\/harveyarasan.com\/fr\/actualites-publications\/\" \/>\n<meta property=\"og:locale\" content=\"fr_FR\" \/>\n<meta property=\"og:type\" content=\"article\" \/>\n<meta property=\"og:title\" content=\"Actualit\u00e9s &amp; Publications\" \/>\n<meta property=\"og:url\" content=\"https:\/\/harveyarasan.com\/fr\/actualites-publications\/\" \/>\n<meta property=\"article:modified_time\" content=\"2021-10-18T13:11:56+00:00\" \/>\n<meta name=\"twitter:card\" content=\"summary_large_image\" \/>\n<script type=\"application\/ld+json\" class=\"yoast-schema-graph\">{\"@context\":\"https:\/\/schema.org\",\"@graph\":[{\"@type\":\"WebPage\",\"@id\":\"https:\/\/harveyarasan.com\/fr\/actualites-publications\/\",\"url\":\"https:\/\/harveyarasan.com\/fr\/actualites-publications\/\",\"name\":\"Actualit\u00e9s & Publications -\",\"isPartOf\":{\"@id\":\"https:\/\/harveyarasan.com\/fr\/#website\"},\"datePublished\":\"2020-03-24T13:10:26+00:00\",\"dateModified\":\"2021-10-18T13:11:56+00:00\",\"breadcrumb\":{\"@id\":\"https:\/\/harveyarasan.com\/fr\/actualites-publications\/#breadcrumb\"},\"inLanguage\":\"fr-FR\",\"potentialAction\":[{\"@type\":\"ReadAction\",\"target\":[\"https:\/\/harveyarasan.com\/fr\/actualites-publications\/\"]}]},{\"@type\":\"BreadcrumbList\",\"@id\":\"https:\/\/harveyarasan.com\/fr\/actualites-publications\/#breadcrumb\",\"itemListElement\":[{\"@type\":\"ListItem\",\"position\":1,\"name\":\"Ana sayfa\",\"item\":\"https:\/\/harveyarasan.com\/fr\/\"},{\"@type\":\"ListItem\",\"position\":2,\"name\":\"Actualit\u00e9s &#038; Publications\"}]},{\"@type\":\"WebSite\",\"@id\":\"https:\/\/harveyarasan.com\/fr\/#website\",\"url\":\"https:\/\/harveyarasan.com\/fr\/\",\"name\":\"\",\"description\":\"\",\"potentialAction\":[{\"@type\":\"SearchAction\",\"target\":{\"@type\":\"EntryPoint\",\"urlTemplate\":\"https:\/\/harveyarasan.com\/fr\/?s={search_term_string}\"},\"query-input\":{\"@type\":\"PropertyValueSpecification\",\"valueRequired\":true,\"valueName\":\"search_term_string\"}}],\"inLanguage\":\"fr-FR\"}]}<\/script>\n<!-- \/ Yoast SEO Premium plugin. -->","yoast_head_json":{"title":"Actualit\u00e9s & Publications -","robots":{"index":"index","follow":"follow","max-snippet":"max-snippet:-1","max-image-preview":"max-image-preview:large","max-video-preview":"max-video-preview:-1"},"canonical":"https:\/\/harveyarasan.com\/fr\/actualites-publications\/","og_locale":"fr_FR","og_type":"article","og_title":"Actualit\u00e9s & Publications","og_url":"https:\/\/harveyarasan.com\/fr\/actualites-publications\/","article_modified_time":"2021-10-18T13:11:56+00:00","twitter_card":"summary_large_image","schema":{"@context":"https:\/\/schema.org","@graph":[{"@type":"WebPage","@id":"https:\/\/harveyarasan.com\/fr\/actualites-publications\/","url":"https:\/\/harveyarasan.com\/fr\/actualites-publications\/","name":"Actualit\u00e9s & Publications -","isPartOf":{"@id":"https:\/\/harveyarasan.com\/fr\/#website"},"datePublished":"2020-03-24T13:10:26+00:00","dateModified":"2021-10-18T13:11:56+00:00","breadcrumb":{"@id":"https:\/\/harveyarasan.com\/fr\/actualites-publications\/#breadcrumb"},"inLanguage":"fr-FR","potentialAction":[{"@type":"ReadAction","target":["https:\/\/harveyarasan.com\/fr\/actualites-publications\/"]}]},{"@type":"BreadcrumbList","@id":"https:\/\/harveyarasan.com\/fr\/actualites-publications\/#breadcrumb","itemListElement":[{"@type":"ListItem","position":1,"name":"Ana sayfa","item":"https:\/\/harveyarasan.com\/fr\/"},{"@type":"ListItem","position":2,"name":"Actualit\u00e9s &#038; Publications"}]},{"@type":"WebSite","@id":"https:\/\/harveyarasan.com\/fr\/#website","url":"https:\/\/harveyarasan.com\/fr\/","name":"","description":"","potentialAction":[{"@type":"SearchAction","target":{"@type":"EntryPoint","urlTemplate":"https:\/\/harveyarasan.com\/fr\/?s={search_term_string}"},"query-input":{"@type":"PropertyValueSpecification","valueRequired":true,"valueName":"search_term_string"}}],"inLanguage":"fr-FR"}]}},"featured_image_src":null,"featured_image_src_square":null,"_links":{"self":[{"href":"https:\/\/harveyarasan.com\/fr\/wp-json\/wp\/v2\/pages\/2637","targetHints":{"allow":["GET"]}}],"collection":[{"href":"https:\/\/harveyarasan.com\/fr\/wp-json\/wp\/v2\/pages"}],"about":[{"href":"https:\/\/harveyarasan.com\/fr\/wp-json\/wp\/v2\/types\/page"}],"author":[{"embeddable":true,"href":"https:\/\/harveyarasan.com\/fr\/wp-json\/wp\/v2\/users\/1"}],"replies":[{"embeddable":true,"href":"https:\/\/harveyarasan.com\/fr\/wp-json\/wp\/v2\/comments?post=2637"}],"version-history":[{"count":4,"href":"https:\/\/harveyarasan.com\/fr\/wp-json\/wp\/v2\/pages\/2637\/revisions"}],"predecessor-version":[{"id":3111,"href":"https:\/\/harveyarasan.com\/fr\/wp-json\/wp\/v2\/pages\/2637\/revisions\/3111"}],"wp:attachment":[{"href":"https:\/\/harveyarasan.com\/fr\/wp-json\/wp\/v2\/media?parent=2637"}],"curies":[{"name":"wp","href":"https:\/\/api.w.org\/{rel}","templated":true}]}}