{"id":4492,"date":"2025-05-26T18:05:33","date_gmt":"2025-05-26T15:05:33","guid":{"rendered":"https:\/\/harveyarasan.com\/hakkimizda\/"},"modified":"2025-05-26T18:19:34","modified_gmt":"2025-05-26T15:19:34","slug":"a-propos-de-nous","status":"publish","type":"page","link":"https:\/\/harveyarasan.com\/fr\/a-propos-de-nous\/","title":{"rendered":"\u00c0 PROPOS DE NOUS"},"content":{"rendered":"<p>Fond\u00e9 en 2022, le Cabinet Harvey Arasan refl\u00e8te l\u2019expertise juridique solide acquise par ses associ\u00e9s fondateurs et son \u00e9quipe depuis plus de 15 ans en Turquie, en France et dans plusieurs pays europ\u00e9ens. <\/p>\n<p>Nos avocats, issus de lyc\u00e9es francophones, ont poursuivi leurs \u00e9tudes dans des institutions prestigieuses telles que l\u2019Universit\u00e9 Paris Panth\u00e9on-Sorbonne et la Queen Mary University of London. Avant Harvey Arasan, ils ont exerc\u00e9 le m\u00e9tier dans des cabinets d\u2019avocats et institutions r\u00e9put\u00e9s \u00e0 Istanbul, Paris, Londres et Bruxelles.<\/p>\n<p>Compos\u00e9e d\u2019une \u00e9quipe dynamique et engag\u00e9e, notre structure offre des services juridiques complets en fran\u00e7ais, anglais et turc. Gr\u00e2ce \u00e0 nos avocats inscrits aux barreaux de Turquie et de France, nous faisons partie des rares cabinets \u00e0 fournir des prestations juridiques transfrontali\u00e8res de mani\u00e8re directe et efficace.<\/p>\n<p>Notre client\u00e8le est compos\u00e9e de soci\u00e9t\u00e9s et de particuliers, tant locaux qu\u2019internationaux. Nous intervenons notamment en droit des soci\u00e9t\u00e9s, droit commercial, droit des contrats, droit bancaire et financier, ainsi qu\u2019en droit de la propri\u00e9t\u00e9 intellectuelle, qui constitue un axe majeur de notre activit\u00e9.<\/p>\n<p>Notre parfaite ma\u00eetrise des cultures juridiques et commerciales internationales \u2013 notamment du droit des \u00e9trangers et du droit des affaires en France \u2013 nous permet d\u2019accompagner nos clients avec fiabilit\u00e9 dans diff\u00e9rentes juridictions.<\/p>\n<p>Communication directe, r\u00e9activit\u00e9 et approche orient\u00e9e solution sont les principes qui guident notre pratique. Nous veillons \u00e0 bien comprendre les secteurs d\u2019activit\u00e9 de nos clients afin de leur proposer des solutions sur mesure.<\/p>\n<p>Harvey Arasan poursuit son d\u00e9veloppement en tant que cabinet boutique \u00e0 dimension internationale, reconnu pour sa capacit\u00e9 \u00e0 intervenir simultan\u00e9ment en Turquie et en France.<\/p>\n","protected":false},"excerpt":{"rendered":"<p>Fond\u00e9 en 2022, le Cabinet Harvey Arasan refl\u00e8te l\u2019expertise juridique solide acquise par ses associ\u00e9s fondateurs et son \u00e9quipe depuis plus de 15 ans en Turquie, en France et dans plusieurs pays europ\u00e9ens. Nos avocats, issus de lyc\u00e9es francophones, ont poursuivi leurs \u00e9tudes dans des institutions prestigieuses telles que l\u2019Universit\u00e9 Paris Panth\u00e9on-Sorbonne et la Queen [&hellip;]<\/p>\n","protected":false},"author":1,"featured_media":0,"parent":0,"menu_order":0,"comment_status":"closed","ping_status":"closed","template":"","meta":{"_acf_changed":false,"_genesis_hide_title":false,"_genesis_hide_breadcrumbs":false,"_genesis_hide_singular_image":false,"_genesis_hide_footer_widgets":false,"_genesis_custom_body_class":"hideImg","_genesis_custom_post_class":"","_genesis_layout":"","footnotes":""},"class_list":{"0":"post-4492","1":"page","2":"type-page","3":"status-publish","5":"entry"},"acf":[],"yoast_head":"<!-- This site is optimized with the Yoast SEO Premium plugin v23.8 (Yoast SEO v23.8) - https:\/\/yoast.com\/wordpress\/plugins\/seo\/ -->\n<title>\u00c0 PROPOS DE NOUS -<\/title>\n<meta name=\"robots\" content=\"index, follow, max-snippet:-1, max-image-preview:large, max-video-preview:-1\" \/>\n<link rel=\"canonical\" href=\"https:\/\/harveyarasan.com\/fr\/a-propos-de-nous\/\" \/>\n<meta property=\"og:locale\" content=\"fr_FR\" \/>\n<meta property=\"og:type\" content=\"article\" \/>\n<meta property=\"og:title\" content=\"\u00c0 PROPOS DE NOUS\" \/>\n<meta property=\"og:description\" content=\"Fond\u00e9 en 2022, le Cabinet Harvey Arasan refl\u00e8te l\u2019expertise juridique solide acquise par ses associ\u00e9s fondateurs et son \u00e9quipe depuis plus de 15 ans en Turquie, en France et dans plusieurs pays europ\u00e9ens. Nos avocats, issus de lyc\u00e9es francophones, ont poursuivi leurs \u00e9tudes dans des institutions prestigieuses telles que l\u2019Universit\u00e9 Paris Panth\u00e9on-Sorbonne et la Queen [&hellip;]\" \/>\n<meta property=\"og:url\" content=\"https:\/\/harveyarasan.com\/fr\/a-propos-de-nous\/\" \/>\n<meta property=\"article:modified_time\" content=\"2025-05-26T15:19:34+00:00\" \/>\n<meta name=\"twitter:card\" content=\"summary_large_image\" \/>\n<meta name=\"twitter:label1\" content=\"Dur\u00e9e de lecture estim\u00e9e\" \/>\n\t<meta name=\"twitter:data1\" content=\"2 minutes\" \/>\n<script type=\"application\/ld+json\" class=\"yoast-schema-graph\">{\"@context\":\"https:\/\/schema.org\",\"@graph\":[{\"@type\":\"WebPage\",\"@id\":\"https:\/\/harveyarasan.com\/fr\/a-propos-de-nous\/\",\"url\":\"https:\/\/harveyarasan.com\/fr\/a-propos-de-nous\/\",\"name\":\"\u00c0 PROPOS DE NOUS -\",\"isPartOf\":{\"@id\":\"https:\/\/harveyarasan.com\/fr\/#website\"},\"datePublished\":\"2025-05-26T15:05:33+00:00\",\"dateModified\":\"2025-05-26T15:19:34+00:00\",\"breadcrumb\":{\"@id\":\"https:\/\/harveyarasan.com\/fr\/a-propos-de-nous\/#breadcrumb\"},\"inLanguage\":\"fr-FR\",\"potentialAction\":[{\"@type\":\"ReadAction\",\"target\":[\"https:\/\/harveyarasan.com\/fr\/a-propos-de-nous\/\"]}]},{\"@type\":\"BreadcrumbList\",\"@id\":\"https:\/\/harveyarasan.com\/fr\/a-propos-de-nous\/#breadcrumb\",\"itemListElement\":[{\"@type\":\"ListItem\",\"position\":1,\"name\":\"Ana sayfa\",\"item\":\"https:\/\/harveyarasan.com\/fr\/\"},{\"@type\":\"ListItem\",\"position\":2,\"name\":\"\u00c0 PROPOS DE NOUS\"}]},{\"@type\":\"WebSite\",\"@id\":\"https:\/\/harveyarasan.com\/fr\/#website\",\"url\":\"https:\/\/harveyarasan.com\/fr\/\",\"name\":\"\",\"description\":\"\",\"potentialAction\":[{\"@type\":\"SearchAction\",\"target\":{\"@type\":\"EntryPoint\",\"urlTemplate\":\"https:\/\/harveyarasan.com\/fr\/?s={search_term_string}\"},\"query-input\":{\"@type\":\"PropertyValueSpecification\",\"valueRequired\":true,\"valueName\":\"search_term_string\"}}],\"inLanguage\":\"fr-FR\"}]}<\/script>\n<!-- \/ Yoast SEO Premium plugin. -->","yoast_head_json":{"title":"\u00c0 PROPOS DE NOUS -","robots":{"index":"index","follow":"follow","max-snippet":"max-snippet:-1","max-image-preview":"max-image-preview:large","max-video-preview":"max-video-preview:-1"},"canonical":"https:\/\/harveyarasan.com\/fr\/a-propos-de-nous\/","og_locale":"fr_FR","og_type":"article","og_title":"\u00c0 PROPOS DE NOUS","og_description":"Fond\u00e9 en 2022, le Cabinet Harvey Arasan refl\u00e8te l\u2019expertise juridique solide acquise par ses associ\u00e9s fondateurs et son \u00e9quipe depuis plus de 15 ans en Turquie, en France et dans plusieurs pays europ\u00e9ens. Nos avocats, issus de lyc\u00e9es francophones, ont poursuivi leurs \u00e9tudes dans des institutions prestigieuses telles que l\u2019Universit\u00e9 Paris Panth\u00e9on-Sorbonne et la Queen [&hellip;]","og_url":"https:\/\/harveyarasan.com\/fr\/a-propos-de-nous\/","article_modified_time":"2025-05-26T15:19:34+00:00","twitter_card":"summary_large_image","twitter_misc":{"Dur\u00e9e de lecture estim\u00e9e":"2 minutes"},"schema":{"@context":"https:\/\/schema.org","@graph":[{"@type":"WebPage","@id":"https:\/\/harveyarasan.com\/fr\/a-propos-de-nous\/","url":"https:\/\/harveyarasan.com\/fr\/a-propos-de-nous\/","name":"\u00c0 PROPOS DE NOUS -","isPartOf":{"@id":"https:\/\/harveyarasan.com\/fr\/#website"},"datePublished":"2025-05-26T15:05:33+00:00","dateModified":"2025-05-26T15:19:34+00:00","breadcrumb":{"@id":"https:\/\/harveyarasan.com\/fr\/a-propos-de-nous\/#breadcrumb"},"inLanguage":"fr-FR","potentialAction":[{"@type":"ReadAction","target":["https:\/\/harveyarasan.com\/fr\/a-propos-de-nous\/"]}]},{"@type":"BreadcrumbList","@id":"https:\/\/harveyarasan.com\/fr\/a-propos-de-nous\/#breadcrumb","itemListElement":[{"@type":"ListItem","position":1,"name":"Ana sayfa","item":"https:\/\/harveyarasan.com\/fr\/"},{"@type":"ListItem","position":2,"name":"\u00c0 PROPOS DE NOUS"}]},{"@type":"WebSite","@id":"https:\/\/harveyarasan.com\/fr\/#website","url":"https:\/\/harveyarasan.com\/fr\/","name":"","description":"","potentialAction":[{"@type":"SearchAction","target":{"@type":"EntryPoint","urlTemplate":"https:\/\/harveyarasan.com\/fr\/?s={search_term_string}"},"query-input":{"@type":"PropertyValueSpecification","valueRequired":true,"valueName":"search_term_string"}}],"inLanguage":"fr-FR"}]}},"featured_image_src":null,"featured_image_src_square":null,"_links":{"self":[{"href":"https:\/\/harveyarasan.com\/fr\/wp-json\/wp\/v2\/pages\/4492","targetHints":{"allow":["GET"]}}],"collection":[{"href":"https:\/\/harveyarasan.com\/fr\/wp-json\/wp\/v2\/pages"}],"about":[{"href":"https:\/\/harveyarasan.com\/fr\/wp-json\/wp\/v2\/types\/page"}],"author":[{"embeddable":true,"href":"https:\/\/harveyarasan.com\/fr\/wp-json\/wp\/v2\/users\/1"}],"replies":[{"embeddable":true,"href":"https:\/\/harveyarasan.com\/fr\/wp-json\/wp\/v2\/comments?post=4492"}],"version-history":[{"count":4,"href":"https:\/\/harveyarasan.com\/fr\/wp-json\/wp\/v2\/pages\/4492\/revisions"}],"predecessor-version":[{"id":4499,"href":"https:\/\/harveyarasan.com\/fr\/wp-json\/wp\/v2\/pages\/4492\/revisions\/4499"}],"wp:attachment":[{"href":"https:\/\/harveyarasan.com\/fr\/wp-json\/wp\/v2\/media?parent=4492"}],"curies":[{"name":"wp","href":"https:\/\/api.w.org\/{rel}","templated":true}]}}